{"id":5611,"date":"2022-01-17T18:38:27","date_gmt":"2022-01-17T18:38:27","guid":{"rendered":"https:\/\/saboresmonasticos.pt\/shop\/?post_type=product&#038;p=5611"},"modified":"2023-12-18T18:28:02","modified_gmt":"2023-12-18T18:28:02","slug":"barao-do-hospital-loureiro","status":"publish","type":"product","link":"https:\/\/saboresmonasticos.pt\/shop\/produto\/barao-do-hospital-loureiro\/","title":{"rendered":"Bar\u00e3o do Hospital, Loureiro, 2020"},"content":{"rendered":"<p>Onde a hist\u00f3ria encontra um terroir \u00fanico<\/p>\n<p><strong>CASTAS &#8211; <\/strong>\u00a0Loureiro<\/p>\n<p><strong>NOTAS DE PROVA &#8211;\u00a0 <\/strong>Cor c\u00edtrica. Elevada intensidade arom\u00e1tica com variadas notas florais, aromas a citrinos como o<br \/>\nlim\u00e3o e a lima. Longo e intenso final de boca, com uma marcante frescura e mineralidade<\/p>\n<p><strong>SUGEST\u00d5ES &#8211; <\/strong>\u00a0Acompanha pratos de peixe, vegetarianos, massas e saladas ou pode ser servido simplesmente como aperitivo<\/p>\n<p><strong>\u00c1LCOOL &#8211;<\/strong> 12,50% vol.<\/p>\n<p><strong>CAPACIDADE &#8211;<\/strong>\u00a0750ML<\/p>\n<p><strong>EN\u00d3LOGO &#8211;<\/strong> Antonina Barbosa<\/p>\n","protected":false},"excerpt":{"rendered":"<p>Fresco e Vibrante<\/p>\n","protected":false},"featured_media":5600,"comment_status":"open","ping_status":"closed","template":"","meta":{"om_disable_all_campaigns":false,"_monsterinsights_skip_tracking":false,"_monsterinsights_sitenote_active":false,"_monsterinsights_sitenote_note":"","_monsterinsights_sitenote_category":0,"_uf_show_specific_survey":0,"_uf_disable_surveys":false},"product_brand":[],"product_cat":[70,86,122],"product_tag":[291],"class_list":{"0":"post-5611","1":"product","2":"type-product","3":"status-publish","4":"has-post-thumbnail","6":"product_cat-garrafeira","7":"product_cat-regioes-vinicolas","8":"product_cat-vinho-verde","9":"product_tag-ano-2020","11":"first","12":"instock","13":"taxable","14":"shipping-taxable","15":"purchasable","16":"product-type-simple"},"aioseo_notices":[],"_links":{"self":[{"href":"https:\/\/saboresmonasticos.pt\/shop\/wp-json\/wp\/v2\/product\/5611","targetHints":{"allow":["GET"]}}],"collection":[{"href":"https:\/\/saboresmonasticos.pt\/shop\/wp-json\/wp\/v2\/product"}],"about":[{"href":"https:\/\/saboresmonasticos.pt\/shop\/wp-json\/wp\/v2\/types\/product"}],"replies":[{"embeddable":true,"href":"https:\/\/saboresmonasticos.pt\/shop\/wp-json\/wp\/v2\/comments?post=5611"}],"wp:featuredmedia":[{"embeddable":true,"href":"https:\/\/saboresmonasticos.pt\/shop\/wp-json\/wp\/v2\/media\/5600"}],"wp:attachment":[{"href":"https:\/\/saboresmonasticos.pt\/shop\/wp-json\/wp\/v2\/media?parent=5611"}],"wp:term":[{"taxonomy":"product_brand","embeddable":true,"href":"https:\/\/saboresmonasticos.pt\/shop\/wp-json\/wp\/v2\/product_brand?post=5611"},{"taxonomy":"product_cat","embeddable":true,"href":"https:\/\/saboresmonasticos.pt\/shop\/wp-json\/wp\/v2\/product_cat?post=5611"},{"taxonomy":"product_tag","embeddable":true,"href":"https:\/\/saboresmonasticos.pt\/shop\/wp-json\/wp\/v2\/product_tag?post=5611"}],"curies":[{"name":"wp","href":"https:\/\/api.w.org\/{rel}","templated":true}]}}