{"id":4337,"date":"2021-06-26T14:56:47","date_gmt":"2021-06-26T14:56:47","guid":{"rendered":"https:\/\/saboresmonasticos.pt\/shop\/?post_type=product&#038;p=4337"},"modified":"2026-04-03T09:37:07","modified_gmt":"2026-04-03T09:37:07","slug":"vendaval-doc-tinto","status":"publish","type":"product","link":"https:\/\/saboresmonasticos.pt\/shop\/produto\/vendaval-doc-tinto\/","title":{"rendered":"Vendaval, tinto 2023"},"content":{"rendered":"<p><span style=\"color: #949494\">Projeto<\/span><span style=\"color: #949494\"><strong>\u00a0<\/strong>iniciou em 2018, uniu a experi\u00eancia com o saber que a terra nos pode dar. A melhor terra de denomina\u00e7\u00e3o de origem do mundo, o\u00a0<\/span>Douro,<\/p>\n<p><strong>CASTAS \u2013<\/strong><\/p>\n<p><strong>NOTAS DE PROVA \u2013 <\/strong>C\u00f4r ruby fechada, intenso e jovem no aroma, notas de frutos vermelhos maduros, marcados com ligeiras notas tostadas.\u00a0Complexo, com um excelente volume de boca, taninos firmes e final persistente.<\/p>\n<p><strong>SUGEST\u00d5ES \u2013<\/strong> Experimente-o com bons pratos de carnes assadas ou queijos intensos. Beber entre 14\u00baC e 16\u00baC<\/p>\n<p><strong>\u00c1LCOOL<\/strong> \u2013 15% vol.<\/p>\n<p><strong>CAPACIDADE<\/strong>\u00a0\u2013 750ML<\/p>\n<p><strong>EN\u00d3LOGO \u2013\u00a0<\/strong><\/p>\n","protected":false},"excerpt":{"rendered":"<p>O projeto dos Vinhos Vendaval ir\u00e1 onde sempre sonharam estar, na lista dos melhores. Experimente, que n\u00e3o se arrepender\u00e1.<\/p>\n","protected":false},"featured_media":4298,"comment_status":"open","ping_status":"closed","template":"","meta":{"om_disable_all_campaigns":false,"_monsterinsights_skip_tracking":false,"_monsterinsights_sitenote_active":false,"_monsterinsights_sitenote_note":"","_monsterinsights_sitenote_category":0,"_uf_show_specific_survey":0,"_uf_disable_surveys":false},"product_brand":[],"product_cat":[119,70,86],"product_tag":[],"class_list":{"0":"post-4337","1":"product","2":"type-product","3":"status-publish","4":"has-post-thumbnail","6":"product_cat-douro","7":"product_cat-garrafeira","8":"product_cat-regioes-vinicolas","10":"first","11":"instock","12":"taxable","13":"shipping-taxable","14":"purchasable","15":"product-type-simple"},"aioseo_notices":[],"_links":{"self":[{"href":"https:\/\/saboresmonasticos.pt\/shop\/wp-json\/wp\/v2\/product\/4337","targetHints":{"allow":["GET"]}}],"collection":[{"href":"https:\/\/saboresmonasticos.pt\/shop\/wp-json\/wp\/v2\/product"}],"about":[{"href":"https:\/\/saboresmonasticos.pt\/shop\/wp-json\/wp\/v2\/types\/product"}],"replies":[{"embeddable":true,"href":"https:\/\/saboresmonasticos.pt\/shop\/wp-json\/wp\/v2\/comments?post=4337"}],"wp:featuredmedia":[{"embeddable":true,"href":"https:\/\/saboresmonasticos.pt\/shop\/wp-json\/wp\/v2\/media\/4298"}],"wp:attachment":[{"href":"https:\/\/saboresmonasticos.pt\/shop\/wp-json\/wp\/v2\/media?parent=4337"}],"wp:term":[{"taxonomy":"product_brand","embeddable":true,"href":"https:\/\/saboresmonasticos.pt\/shop\/wp-json\/wp\/v2\/product_brand?post=4337"},{"taxonomy":"product_cat","embeddable":true,"href":"https:\/\/saboresmonasticos.pt\/shop\/wp-json\/wp\/v2\/product_cat?post=4337"},{"taxonomy":"product_tag","embeddable":true,"href":"https:\/\/saboresmonasticos.pt\/shop\/wp-json\/wp\/v2\/product_tag?post=4337"}],"curies":[{"name":"wp","href":"https:\/\/api.w.org\/{rel}","templated":true}]}}