{"id":3585,"date":"2020-08-06T13:07:43","date_gmt":"2020-08-06T13:07:43","guid":{"rendered":"https:\/\/saboresmonasticos.pt\/shop\/?post_type=product&#038;p=3585"},"modified":"2026-03-16T15:37:01","modified_gmt":"2026-03-16T15:37:01","slug":"licor-beirao","status":"publish","type":"product","link":"https:\/\/saboresmonasticos.pt\/shop\/produto\/licor-beirao\/","title":{"rendered":"Licor Beir\u00e3o"},"content":{"rendered":"<p>Licor de Portugal<\/p>\n<p>ingredientes; \u00e1gua, \u00e1lcool, a\u00e7ucar, destilado de plantas e sementes arom\u00e1ticas e caramelo<\/p>\n<p>Capacidade &#8211; 700ml<\/p>\n<p>\u00c1lcool &#8211; 22% vol<\/p>\n","protected":false},"excerpt":{"rendered":"<p>Licor de Portugal. Com oferta de 1 copo.<\/p>\n","protected":false},"featured_media":9158,"comment_status":"open","ping_status":"closed","template":"","meta":{"om_disable_all_campaigns":false,"_monsterinsights_skip_tracking":false,"_monsterinsights_sitenote_active":false,"_monsterinsights_sitenote_note":"","_monsterinsights_sitenote_category":0,"_uf_show_specific_survey":0,"_uf_disable_surveys":false},"product_brand":[],"product_cat":[70,90],"product_tag":[],"class_list":{"0":"post-3585","1":"product","2":"type-product","3":"status-publish","4":"has-post-thumbnail","6":"product_cat-garrafeira","7":"product_cat-licores","9":"first","10":"instock","11":"taxable","12":"shipping-taxable","13":"purchasable","14":"product-type-simple"},"aioseo_notices":[],"_links":{"self":[{"href":"https:\/\/saboresmonasticos.pt\/shop\/wp-json\/wp\/v2\/product\/3585","targetHints":{"allow":["GET"]}}],"collection":[{"href":"https:\/\/saboresmonasticos.pt\/shop\/wp-json\/wp\/v2\/product"}],"about":[{"href":"https:\/\/saboresmonasticos.pt\/shop\/wp-json\/wp\/v2\/types\/product"}],"replies":[{"embeddable":true,"href":"https:\/\/saboresmonasticos.pt\/shop\/wp-json\/wp\/v2\/comments?post=3585"}],"wp:featuredmedia":[{"embeddable":true,"href":"https:\/\/saboresmonasticos.pt\/shop\/wp-json\/wp\/v2\/media\/9158"}],"wp:attachment":[{"href":"https:\/\/saboresmonasticos.pt\/shop\/wp-json\/wp\/v2\/media?parent=3585"}],"wp:term":[{"taxonomy":"product_brand","embeddable":true,"href":"https:\/\/saboresmonasticos.pt\/shop\/wp-json\/wp\/v2\/product_brand?post=3585"},{"taxonomy":"product_cat","embeddable":true,"href":"https:\/\/saboresmonasticos.pt\/shop\/wp-json\/wp\/v2\/product_cat?post=3585"},{"taxonomy":"product_tag","embeddable":true,"href":"https:\/\/saboresmonasticos.pt\/shop\/wp-json\/wp\/v2\/product_tag?post=3585"}],"curies":[{"name":"wp","href":"https:\/\/api.w.org\/{rel}","templated":true}]}}