{"id":2100,"date":"2019-01-04T10:10:16","date_gmt":"2019-01-04T10:10:16","guid":{"rendered":"http:\/\/saboresmonasticos.pt\/shop\/product\/import-placeholder-for-5209\/"},"modified":"2026-04-03T10:22:09","modified_gmt":"2026-04-03T10:22:09","slug":"quinta-da-carregosa-reserva-2015","status":"publish","type":"product","link":"https:\/\/saboresmonasticos.pt\/shop\/produto\/quinta-da-carregosa-reserva-2015\/","title":{"rendered":"Qta da Carregosa, reserva, tinto, 2021"},"content":{"rendered":"<p>A Quinta da Carregosa situa-se na regi\u00e3o do cima corgo, em pleno cora\u00e7\u00e3o da regi\u00e3o demarcada do douro. Das suas vinhas velhas, as castas selecionadas para este vinho &#8211; touriga nacional, tinta roriz e touriga franca &#8211; foram vindimadas em sobrematura\u00e7\u00e3o, resultando num vinho de aroma intenso, com muita estrutura, elegante e com taninos muito macios. Metade do lote estagiou 12 meses em barricas novas de carvalho franc\u00eas. Vinho natural sujeito a criar dep\u00f3sito com a idade.<\/p>\n<p>\u00c1lcool &#8211; 14%vol<\/p>\n<p>Capacidade &#8211; 75cl<\/p>\n<p>&nbsp;<\/p>\n","protected":false},"excerpt":{"rendered":"<p>vinho de aroma intenso, com muita estrutura, elegante e com taninos muito macios.<\/p>\n<p>&nbsp;<\/p>\n","protected":false},"featured_media":3538,"comment_status":"open","ping_status":"closed","template":"","meta":{"om_disable_all_campaigns":false,"_monsterinsights_skip_tracking":false,"_monsterinsights_sitenote_active":false,"_monsterinsights_sitenote_note":"","_monsterinsights_sitenote_category":0,"_uf_show_specific_survey":0,"_uf_disable_surveys":false},"product_brand":[],"product_cat":[119,70,86],"product_tag":[],"class_list":{"0":"post-2100","1":"product","2":"type-product","3":"status-publish","4":"has-post-thumbnail","6":"product_cat-douro","7":"product_cat-garrafeira","8":"product_cat-regioes-vinicolas","10":"first","11":"instock","12":"taxable","13":"shipping-taxable","14":"purchasable","15":"product-type-simple"},"aioseo_notices":[],"_links":{"self":[{"href":"https:\/\/saboresmonasticos.pt\/shop\/wp-json\/wp\/v2\/product\/2100","targetHints":{"allow":["GET"]}}],"collection":[{"href":"https:\/\/saboresmonasticos.pt\/shop\/wp-json\/wp\/v2\/product"}],"about":[{"href":"https:\/\/saboresmonasticos.pt\/shop\/wp-json\/wp\/v2\/types\/product"}],"replies":[{"embeddable":true,"href":"https:\/\/saboresmonasticos.pt\/shop\/wp-json\/wp\/v2\/comments?post=2100"}],"wp:featuredmedia":[{"embeddable":true,"href":"https:\/\/saboresmonasticos.pt\/shop\/wp-json\/wp\/v2\/media\/3538"}],"wp:attachment":[{"href":"https:\/\/saboresmonasticos.pt\/shop\/wp-json\/wp\/v2\/media?parent=2100"}],"wp:term":[{"taxonomy":"product_brand","embeddable":true,"href":"https:\/\/saboresmonasticos.pt\/shop\/wp-json\/wp\/v2\/product_brand?post=2100"},{"taxonomy":"product_cat","embeddable":true,"href":"https:\/\/saboresmonasticos.pt\/shop\/wp-json\/wp\/v2\/product_cat?post=2100"},{"taxonomy":"product_tag","embeddable":true,"href":"https:\/\/saboresmonasticos.pt\/shop\/wp-json\/wp\/v2\/product_tag?post=2100"}],"curies":[{"name":"wp","href":"https:\/\/api.w.org\/{rel}","templated":true}]}}